{"id":3008,"date":"2026-04-11T13:30:37","date_gmt":"2026-04-11T11:30:37","guid":{"rendered":"https:\/\/alesubtlewhispers.com\/?page_id=3008"},"modified":"2026-04-11T13:34:18","modified_gmt":"2026-04-11T11:34:18","slug":"nolhan-art","status":"publish","type":"page","link":"https:\/\/alesubtlewhispers.com\/en\/nolhan-art\/","title":{"rendered":"NolhaN Art"},"content":{"rendered":"\n<style>\n\n\/* RESET GLOBAL *\/\nbody {\n    margin: 0;\n    background: #000 !important;\n    color: #FFFFFF;\n    font-family: 'Cormorant Garamond', serif;\n}\n\n\/* SUPPRIME TITRES WORDPRESS *\/\nh1.wp-block-post-title,\n.background-text,\n[class*=\"background\"] {\n    display: none !important;\n}\n\n\/* CONTAINER *\/\n.nolhan-container {\n    min-height: 100vh;\n    display: flex;\n    flex-direction: column;\n    align-items: center;\n    justify-content: center;\n\n    padding: 100px 20px;\n    text-align: center;\n}\n\n\/* IMAGE *\/\n.nolhan-image {\n    max-width: 420px;\n    width: 80%;\n    height: auto;\n\n    opacity: 0;\n    transform: scale(0.98);\n\n    animation: fadeImage 2s ease forwards;\n}\n\n\/* NOM *\/\n.nolhan-name {\n    font-size: 13px;\n    letter-spacing: 0.35em;\n    margin-top: 30px;\n    margin-bottom: 50px;\n    opacity: 0;\n\n    animation: fadeName 1.8s ease forwards;\n    animation-delay: 1.8s;\n}\n\n\/* TEXTE *\/\n.nolhan-text {\n    max-width: 520px;\n    font-size: 17px;\n    line-height: 2.4;\n    letter-spacing: 0.02em;\n}\n\n\/* LIGNES *\/\n.nolhan-text p {\n    opacity: 0;\n    transform: translateY(8px);\n    margin: 14px 0;\n\n    animation: fadeLine 1.4s ease forwards;\n}\n\n\/* RYTHME CIN\u00c9MA (ajuste si tu ajoutes des lignes) *\/\n.nolhan-text p:nth-child(1) { animation-delay: 3s; }\n.nolhan-text p:nth-child(2) { animation-delay: 4s; }\n.nolhan-text p:nth-child(3) { animation-delay: 5s; }\n.nolhan-text p:nth-child(4) { animation-delay: 6s; }\n.nolhan-text p:nth-child(5) { animation-delay: 7s; }\n.nolhan-text p:nth-child(6) { animation-delay: 8s; }\n.nolhan-text p:nth-child(7) { animation-delay: 9s; }\n.nolhan-text p:nth-child(8) { animation-delay: 10s; }\n.nolhan-text p:nth-child(9) { animation-delay: 11s; }\n.nolhan-text p:nth-child(10) { animation-delay: 12s; }\n.nolhan-text p:nth-child(11) { animation-delay: 13s; }\n.nolhan-text p:nth-child(12) { animation-delay: 14s; }\n.nolhan-text p:nth-child(13) { animation-delay: 15s; }\n.nolhan-text p:nth-child(14) { animation-delay: 16s; }\n\n\/* BOUTON FINAL *\/\n.nolhan-button {\n    display: inline-block;\n    margin-top: 70px;\n    padding: 10px 28px;\n\n    border: 1px solid rgba(255,255,255,0.5);\n    color: #FFFFFF;\n    text-decoration: none;\n\n    font-size: 11px;\n    letter-spacing: 0.35em;\n\n    opacity: 0;\n\n    animation: fadeButton 2s ease forwards;\n    animation-delay: 18s; \/* arrive apr\u00e8s le texte *\/\n}\n\n.nolhan-button:hover {\n    opacity: 1;\n    border-color: #FFFFFF;\n}\n\n\/* ANIMATIONS *\/\n@keyframes fadeImage {\n    to {\n        opacity: 1;\n        transform: scale(1);\n    }\n}\n\n@keyframes fadeName {\n    to { opacity: 0.8; }\n}\n\n@keyframes fadeLine {\n    to {\n        opacity: 1;\n        transform: translateY(0);\n    }\n}\n\n@keyframes fadeButton {\n    to { opacity: 0.8; }\n}\n\n<\/style>\n\n<div class=\"nolhan-container\">\n\n<img data-recalc-dims=\"1\" decoding=\"async\" src=\"https:\/\/i0.wp.com\/alesubtlewhispers.com\/wp-content\/uploads\/2026\/04\/Design-sans-titre-1.jpg?ssl=1\" class=\"nolhan-image\">\n\n<div class=\"nolhan-name\">\nNOLHAN ART\n<\/div>\n\n<div class=\"nolhan-text\">\n\n<p>Origine fran\u00e7aise.<\/p>\n<p>Install\u00e9 \u00e0 Montreux, aupr\u00e8s des siens.<\/p>\n\n<p>Son travail ne cherche pas \u00e0 repr\u00e9senter.<\/p>\n<p>Il agit.<\/p>\n\n<p>La mati\u00e8re n\u2019est pas un support.<\/p>\n<p>Elle devient un point de tension.<\/p>\n<p>Un lieu de passage.<\/p>\n\n<p>Chaque pi\u00e8ce tient dans cet \u00e9quilibre :<\/p>\n<p>entre ce qui appara\u00eet<\/p>\n<p>et ce qui ne se laisse pas saisir.<\/p>\n\n<p>Il n\u2019impose rien.<\/p>\n<p>Mais quelque chose insiste.<\/p>\n\n<p>Dans la texture.<\/p>\n<p>Dans la retenue.<\/p>\n<p>Dans ce qui reste.<\/p>\n\n<\/div>\n\n<a href=\"\/page-oeuvres-nolhan\" class=\"nolhan-button\">\n\u0152UVRES\n<\/a>\n\n<\/div>\n","protected":false},"excerpt":{"rendered":"<p>NOLHAN ART Origine fran\u00e7aise. Install\u00e9 \u00e0 Montreux, aupr\u00e8s des siens. Son travail ne cherche pas \u00e0 repr\u00e9senter. Il agit. La mati\u00e8re n\u2019est pas un support. Elle devient un point de tension. Un lieu de passage. Chaque pi\u00e8ce tient dans cet \u00e9quilibre : entre ce qui appara\u00eet et ce qui ne se laisse pas saisir. Il [&hellip;]<\/p>\n","protected":false},"author":259979379,"featured_media":0,"parent":0,"menu_order":0,"comment_status":"closed","ping_status":"closed","template":"","meta":{"_crdt_document":"{\"document\":\"AAAW6eSFixQbr+635AOp5IWLFO\/ut+QDABcGBAIEAggDARIBAgwCAQIIZFIKWEIEAgMIDAo7KAAhAScAAQCEAIEAhACBAIQAgQCEAIEAJwEoBCcAKAQnAAcAKAInASgABABEAMQBqAAhAKgAKAAhAajBH4wfc3RhdGV2ZXJzaW9uZG9jdW1lbnRkYXRlZG9jdW1lbnRzdGF0dXNkb2N1bWVudHRpdGxlb2xhdGRvY3VtZW50Y29udGVudGRvY3VtZW50ZXhjZXJwdGRvY3VtZW50YXV0aG9yZG9jdW1lbnRmZWF0dXJlZF9tZWRpYWRvY3VtZW50Y29tbWVudF9zdGF0dXNkb2N1bWVudHBpbmdfc3RhdHVzZG9jdW1lbnR0ZW1wbGF0ZWRvY3VtZW50bWV0YWFkdmFuY2VkX3Nlb19kZXNjcmlwdGlvbmpldHBhY2tfc2VvX2h0bWxfdGl0bGVqZXRwYWNrX3Nlb19ub2luZGV4amV0cGFja19wb3N0X3dhc19ldmVyX3B1Ymxpc2hlZGZvb3Rub3Rlc2RvY3VtZW50YmxvY2tzY2xpZW50SWRpc1ZhbGlkbmFtZWF0dHJpYnV0ZXNpbm5lckJsb2Nrc2NvbnRlbnQ8IS0tIHdwOmh0bWwgLS0+CjxzdHlsZT4KCi8qIFJFU0VUIEdMT0JBTCAqLwpib2R5IHsKICAgIG1hcmdpbjogMDsKICAgIGJhY2tncm91bmQ6ICMwMDAgIWltcG9ydGFudDsKICAgIGNvbG9yOiAjRkZGRkZGOwogICAgZm9udC1mYW1pbHk6ICdDb3Jtb3JhbnQgR2FyYW1vbmQnLCBzZXJpZjsKfQoKLyogU1VQUFJJTUUgVElUUkVTIFdPUkRQUkVTUyAqLwpoMS53cC1ibG9jay1wb3N0LXRpdGxlLAouYmFja2dyb3VuZC10ZXh0LApbY2xhc3MqPSJiYWNrZ3JvdW5kIl0gewogICAgZGlzcGxheTogbm9uZSAhaW1wb3J0YW50Owp9CgovKiBDT05UQUlORVIgKi8KLm5vbGhhbi1jb250YWluZXIgewogICAgbWluLWhlaWdodDogMTAwdmg7CiAgICBkaXNwbGF5OiBmbGV4OwogICAgZmxleC1kaXJlY3Rpb246IGNvbHVtbjsKICAgIGFsaWduLWl0ZW1zOiBjZW50ZXI7CiAgICBqdXN0aWZ5LWNvbnRlbnQ6IGNlbnRlcjsKCiAgICBwYWRkaW5nOiAxMDBweCAyMHB4OwogICAgdGV4dC1hbGlnbjogY2VudGVyOwp9CgovKiBJTUFHRSAqLwoubm9saGFuLWltYWdlIHsKICAgIG1heC13aWR0aDogNDIwcHg7CiAgICB3aWR0aDogODAlOwogICAgaGVpZ2h0OiBhdXRvOwoKICAgIG9wYWNpdHk6IDA7CiAgICB0cmFuc2Zvcm06IHNjYWxlKDAuOTgpOwoKICAgIGFuaW1hdGlvbjogZmFkZUltYWdlIDJzIGVhc2UgZm9yd2FyZHM7Cn0KCi8qIE5PTSAqLwoubm9saGFuLW5hbWUgewogICAgZm9udC1zaXplOiAxM3B4OwogICAgbGV0dGVyLXNwYWNpbmc6IDAuMzVlbTsKICAgIG1hcmdpbi10b3A6IDMwcHg7CiAgICBtYXJnaW4tYm90dG9tOiA1MHB4OwogICAgb3BhY2l0eTogMDsKCiAgICBhbmltYXRpb246IGZhZGVOYW1lIDEuOHMgZWFzZSBmb3J3YXJkczsKICAgIGFuaW1hdGlvbi1kZWxheTogMS44czsKfQoKLyogVEVYVEUgKi8KLm5vbGhhbi10ZXh0IHsKICAgIG1heC13aWR0aDogNTIwcHg7CiAgICBmb250LXNpemU6IDE3cHg7CiAgICBsaW5lLWhlaWdodDogMi40OwogICAgbGV0dGVyLXNwYWNpbmc6IDAuMDJlbTsKfQoKLyogTElHTkVTICovCi5ub2xoYW4tdGV4dCBwIHsKICAgIG9wYWNpdHk6IDA7CiAgICB0cmFuc2Zvcm06IHRyYW5zbGF0ZVkoOHB4KTsKICAgIG1hcmdpbjogMTRweCAwOwoKICAgIGFuaW1hdGlvbjogZmFkZUxpbmUgMS40cyBlYXNlIGZvcndhcmRzOwp9CgovKiBSWVRITUUgQ0lOw4lNQSAoYWp1c3RlIHNpIHR1IGFqb3V0ZXMgZGVzIGxpZ25lcykgKi8KLm5vbGhhbi10ZXh0IHA6bnRoLWNoaWxkKDEpIHsgYW5pbWF0aW9uLWRlbGF5OiAzczsgfQoubm9saGFuLXRleHQgcDpudGgtY2hpbGQoMikgeyBhbmltYXRpb24tZGVsYXk6IDRzOyB9Ci5ub2xoYW4tdGV4dCBwOm50aC1jaGlsZCgzKSB7IGFuaW1hdGlvbi1kZWxheTogNXM7IH0KLm5vbGhhbi10ZXh0IHA6bnRoLWNoaWxkKDQpIHsgYW5pbWF0aW9uLWRlbGF5OiA2czsgfQoubm9saGFuLXRleHQgcDpudGgtY2hpbGQoNSkgeyBhbmltYXRpb24tZGVsYXk6IDdzOyB9Ci5ub2xoYW4tdGV4dCBwOm50aC1jaGlsZCg2KSB7IGFuaW1hdGlvbi1kZWxheTogOHM7IH0KLm5vbGhhbi10ZXh0IHA6bnRoLWNoaWxkKDcpIHsgYW5pbWF0aW9uLWRlbGF5OiA5czsgfQoubm9saGFuLXRleHQgcDpudGgtY2hpbGQoOCkgeyBhbmltYXRpb24tZGVsYXk6IDEwczsgfQoubm9saGFuLXRleHQgcDpudGgtY2hpbGQoOSkgeyBhbmltYXRpb24tZGVsYXk6IDExczsgfQoubm9saGFuLXRleHQgcDpudGgtY2hpbGQoMTApIHsgYW5pbWF0aW9uLWRlbGF5OiAxMnM7IH0KLm5vbGhhbi10ZXh0IHA6bnRoLWNoaWxkKDExKSB7IGFuaW1hdGlvbi1kZWxheTogMTNzOyB9Ci5ub2xoYW4tdGV4dCBwOm50aC1jaGlsZCgxMikgeyBhbmltYXRpb24tZGVsYXk6IDE0czsgfQoubm9saGFuLXRleHQgcDpudGgtY2hpbGQoMTMpIHsgYW5pbWF0aW9uLWRlbGF5OiAxNXM7IH0KLm5vbGhhbi10ZXh0IHA6bnRoLWNoaWxkKDE0KSB7IGFuaW1hdGlvbi1kZWxheTogMTZzOyB9CgovKiBCT1VUT04gRklOQUwgKi8KLm5vbGhhbi1idXR0b24gewogICAgZGlzcGxheTogaW5saW5lLWJsb2NrOwogICAgbWFyZ2luLXRvcDogNzBweDsKICAgIHBhZGRpbmc6IDEwcHggMjhweDsKCiAgICBib3JkZXI6IDFweCBzb2xpZCByZ2JhKDI1NSwyNTUsMjU1LDAuNSk7CiAgICBjb2xvcjogI0ZGRkZGRjsKICAgIHRleHQtZGVjb3JhdGlvbjogbm9uZTsKCiAgICBmb250LXNpemU6IDExcHg7CiAgICBsZXR0ZXItc3BhY2luZzogMC4zNWVtOwoKICAgIG9wYWNpdHk6IDA7CgogICAgYW5pbWF0aW9uOiBmYWRlQnV0dG9uIDJzIGVhc2UgZm9yd2FyZHM7CiAgICBhbmltYXRpb24tZGVsYXk6IDE4czsgLyogYXJyaXZlIGFwcsOocyBsZSB0ZXh0ZSAqLwp9Cgoubm9saGFuLWJ1dHRvbjpob3ZlciB7CiAgICBvcGFjaXR5OiAxOwogICAgYm9yZGVyLWNvbG9yOiAjRkZGRkZGOwp9CgovKiBBTklNQVRJT05TICovCkBrZXlmcmFtZXMgZmFkZUltYWdlIHsKICAgIHRvIHsKICAgICAgICBvcGFjaXR5OiAxOwogICAgICAgIHRyYW5zZm9ybTogc2NhbGUoMSk7CiAgICB9Cn0KCkBrZXlmcmFtZXMgZmFkZU5hbWUgewogICAgdG8geyBvcGFjaXR5OiAwLjg7IH0KfQoKQGtleWZyYW1lcyBmYWRlTGluZSB7CiAgICB0byB7CiAgICAgICAgb3BhY2l0eTogMTsKICAgICAgICB0cmFuc2Zvcm06IHRyYW5zbGF0ZVkoMCk7CiAgICB9Cn0KCkBrZXlmcmFtZXMgZmFkZUJ1dHRvbiB7CiAgICB0byB7IG9wYWNpdHk6IDAuODsgfQp9Cgo8L3N0eWxlPgoKPGRpdiBjbGFzcz0ibm9saGFuLWNvbnRhaW5lciI+Cgo8aW1nIHNyYz0iaHR0cHM6Ly9hbGVzdWJ0bGV3aGlzcGVycy5jb20vd3AtY29udGVudC91cGxvYWRzLzIwMjYvMDQvRGVzaWduLXNhbnMtdGl0cmUtMS5qcGciIGNsYXNzPSJub2xoYW4taW1hZ2UiPgoKPGRpdiBjbGFzcz0ibm9saGFuLW5hbWUiPgpOT0xIQU4gQVJUCjwvZGl2PgoKPGRpdiBjbGFzcz0ibm9saGFuLXRleHQiPgoKPHA+T3JpZ2luZSBmcmFuw6dhaXNlLjwvcD4KPHA+SW5zdGFsbMOpIMOgIE1vbnRyZXV4LCBhdXByw6hzIGRlcyBzaWVucy48L3A+Cgo8cD5Tb24gdHJhdmFpbCBuZSBjaGVyY2hlIHBhcyDDoCByZXByw6lzZW50ZXIuPC9wPgo8cD5JbCBhZ2l0LjwvcD4KCjxwPkxhIG1hdGnDqHJlIG7igJllc3QgcGFzIHVuIHN1cHBvcnQuPC9wPgo8cD5FbGxlIGRldmllbnQgdW4gcG9pbnQgZGUgdGVuc2lvbi48L3A+CjxwPlVuIGxpZXUgZGUgcGFzc2FnZS48L3A+Cgo8cD5DaGFxdWUgcGnDqGNlIHRpZW50IGRhbnMgY2V0IMOpcXVpbGlicmUgOjwvcD4KPHA+ZW50cmUgY2UgcXVpIGFwcGFyYcOudDwvcD4KPHA+ZXQgY2UgcXVpIG5lIHNlIGxhaXNzZSBwYXMgc2Fpc2lyLjwvcD4KCjxwPklsIG7igJlpbXBvc2Ugcmllbi48L3A+CjxwPk1haXMgcXVlbHF1ZSBjaG9zZSBpbnNpc3RlLjwvcD4KCjxwPkRhbnMgbGEgdGV4dHVyZS48L3A+CjxwPkRhbnMgbGEgcmV0ZW51ZS48L3A+CjxwPkRhbnMgY2UgcXVpIHJlc3RlLjwvcD4KCjwvZGl2PgoKPGEgaHJlZj0iL3BhZ2Utb2V1dnJlcy1ub2xoYW4iIGNsYXNzPSJub2xoYW4tYnV0dG9uIj4KxZJVVlJFUwo8L2E+Cgo8L2Rpdj4KPCEtLSAvd3A6aHRtbCAtLT5OaE4gQXJzdGF0ZXZlcnNpb25kb2N1bWVudHNsdWdzdGF0ZXNhdmVkQXRzdGF0ZXNhdmVkQnkFBwgECAYIBUECCAcIBwgGCA4IDggLSAEEGBYTHwkIBggHBAoLB6E3QQAEBQcIBAUHBQcNAQMAAAEHAAQBAAAHAQdCAQEAQQAAB0EBQgAEQRYCJwB9AX2z4ff3AX0AdwZjbG9zZWR3BmNsb3NlZHcAdwB3AHl5dwB3JDc2ZDc0NGZjLTZiZjUtNGMzYy1iZWU2LWMyM2NjZjdhYjIxZHh3CWNvcmUvaHRtbHfPGzxzdHlsZT4KCi8qIFJFU0VUIEdMT0JBTCAqLwpib2R5IHsKICAgIG1hcmdpbjogMDsKICAgIGJhY2tncm91bmQ6ICMwMDAgIWltcG9ydGFudDsKICAgIGNvbG9yOiAjRkZGRkZGOwogICAgZm9udC1mYW1pbHk6ICdDb3Jtb3JhbnQgR2FyYW1vbmQnLCBzZXJpZjsKfQoKLyogU1VQUFJJTUUgVElUUkVTIFdPUkRQUkVTUyAqLwpoMS53cC1ibG9jay1wb3N0LXRpdGxlLAouYmFja2dyb3VuZC10ZXh0LApbY2xhc3MqPSJiYWNrZ3JvdW5kIl0gewogICAgZGlzcGxheTogbm9uZSAhaW1wb3J0YW50Owp9CgovKiBDT05UQUlORVIgKi8KLm5vbGhhbi1jb250YWluZXIgewogICAgbWluLWhlaWdodDogMTAwdmg7CiAgICBkaXNwbGF5OiBmbGV4OwogICAgZmxleC1kaXJlY3Rpb246IGNvbHVtbjsKICAgIGFsaWduLWl0ZW1zOiBjZW50ZXI7CiAgICBqdXN0aWZ5LWNvbnRlbnQ6IGNlbnRlcjsKCiAgICBwYWRkaW5nOiAxMDBweCAyMHB4OwogICAgdGV4dC1hbGlnbjogY2VudGVyOwp9CgovKiBJTUFHRSAqLwoubm9saGFuLWltYWdlIHsKICAgIG1heC13aWR0aDogNDIwcHg7CiAgICB3aWR0aDogODAlOwogICAgaGVpZ2h0OiBhdXRvOwoKICAgIG9wYWNpdHk6IDA7CiAgICB0cmFuc2Zvcm06IHNjYWxlKDAuOTgpOwoKICAgIGFuaW1hdGlvbjogZmFkZUltYWdlIDJzIGVhc2UgZm9yd2FyZHM7Cn0KCi8qIE5PTSAqLwoubm9saGFuLW5hbWUgewogICAgZm9udC1zaXplOiAxM3B4OwogICAgbGV0dGVyLXNwYWNpbmc6IDAuMzVlbTsKICAgIG1hcmdpbi10b3A6IDMwcHg7CiAgICBtYXJnaW4tYm90dG9tOiA1MHB4OwogICAgb3BhY2l0eTogMDsKCiAgICBhbmltYXRpb246IGZhZGVOYW1lIDEuOHMgZWFzZSBmb3J3YXJkczsKICAgIGFuaW1hdGlvbi1kZWxheTogMS44czsKfQoKLyogVEVYVEUgKi8KLm5vbGhhbi10ZXh0IHsKICAgIG1heC13aWR0aDogNTIwcHg7CiAgICBmb250LXNpemU6IDE3cHg7CiAgICBsaW5lLWhlaWdodDogMi40OwogICAgbGV0dGVyLXNwYWNpbmc6IDAuMDJlbTsKfQoKLyogTElHTkVTICovCi5ub2xoYW4tdGV4dCBwIHsKICAgIG9wYWNpdHk6IDA7CiAgICB0cmFuc2Zvcm06IHRyYW5zbGF0ZVkoOHB4KTsKICAgIG1hcmdpbjogMTRweCAwOwoKICAgIGFuaW1hdGlvbjogZmFkZUxpbmUgMS40cyBlYXNlIGZvcndhcmRzOwp9CgovKiBSWVRITUUgQ0lOw4lNQSAoYWp1c3RlIHNpIHR1IGFqb3V0ZXMgZGVzIGxpZ25lcykgKi8KLm5vbGhhbi10ZXh0IHA6bnRoLWNoaWxkKDEpIHsgYW5pbWF0aW9uLWRlbGF5OiAzczsgfQoubm9saGFuLXRleHQgcDpudGgtY2hpbGQoMikgeyBhbmltYXRpb24tZGVsYXk6IDRzOyB9Ci5ub2xoYW4tdGV4dCBwOm50aC1jaGlsZCgzKSB7IGFuaW1hdGlvbi1kZWxheTogNXM7IH0KLm5vbGhhbi10ZXh0IHA6bnRoLWNoaWxkKDQpIHsgYW5pbWF0aW9uLWRlbGF5OiA2czsgfQoubm9saGFuLXRleHQgcDpudGgtY2hpbGQoNSkgeyBhbmltYXRpb24tZGVsYXk6IDdzOyB9Ci5ub2xoYW4tdGV4dCBwOm50aC1jaGlsZCg2KSB7IGFuaW1hdGlvbi1kZWxheTogOHM7IH0KLm5vbGhhbi10ZXh0IHA6bnRoLWNoaWxkKDcpIHsgYW5pbWF0aW9uLWRlbGF5OiA5czsgfQoubm9saGFuLXRleHQgcDpudGgtY2hpbGQoOCkgeyBhbmltYXRpb24tZGVsYXk6IDEwczsgfQoubm9saGFuLXRleHQgcDpudGgtY2hpbGQoOSkgeyBhbmltYXRpb24tZGVsYXk6IDExczsgfQoubm9saGFuLXRleHQgcDpudGgtY2hpbGQoMTApIHsgYW5pbWF0aW9uLWRlbGF5OiAxMnM7IH0KLm5vbGhhbi10ZXh0IHA6bnRoLWNoaWxkKDExKSB7IGFuaW1hdGlvbi1kZWxheTogMTNzOyB9Ci5ub2xoYW4tdGV4dCBwOm50aC1jaGlsZCgxMikgeyBhbmltYXRpb24tZGVsYXk6IDE0czsgfQoubm9saGFuLXRleHQgcDpudGgtY2hpbGQoMTMpIHsgYW5pbWF0aW9uLWRlbGF5OiAxNXM7IH0KLm5vbGhhbi10ZXh0IHA6bnRoLWNoaWxkKDE0KSB7IGFuaW1hdGlvbi1kZWxheTogMTZzOyB9CgovKiBCT1VUT04gRklOQUwgKi8KLm5vbGhhbi1idXR0b24gewogICAgZGlzcGxheTogaW5saW5lLWJsb2NrOwogICAgbWFyZ2luLXRvcDogNzBweDsKICAgIHBhZGRpbmc6IDEwcHggMjhweDsKCiAgICBib3JkZXI6IDFweCBzb2xpZCByZ2JhKDI1NSwyNTUsMjU1LDAuNSk7CiAgICBjb2xvcjogI0ZGRkZGRjsKICAgIHRleHQtZGVjb3JhdGlvbjogbm9uZTsKCiAgICBmb250LXNpemU6IDExcHg7CiAgICBsZXR0ZXItc3BhY2luZzogMC4zNWVtOwoKICAgIG9wYWNpdHk6IDA7CgogICAgYW5pbWF0aW9uOiBmYWRlQnV0dG9uIDJzIGVhc2UgZm9yd2FyZHM7CiAgICBhbmltYXRpb24tZGVsYXk6IDE4czsgLyogYXJyaXZlIGFwcsOocyBsZSB0ZXh0ZSAqLwp9Cgoubm9saGFuLWJ1dHRvbjpob3ZlciB7CiAgICBvcGFjaXR5OiAxOwogICAgYm9yZGVyLWNvbG9yOiAjRkZGRkZGOwp9CgovKiBBTklNQVRJT05TICovCkBrZXlmcmFtZXMgZmFkZUltYWdlIHsKICAgIHRvIHsKICAgICAgICBvcGFjaXR5OiAxOwogICAgICAgIHRyYW5zZm9ybTogc2NhbGUoMSk7CiAgICB9Cn0KCkBrZXlmcmFtZXMgZmFkZU5hbWUgewogICAgdG8geyBvcGFjaXR5OiAwLjg7IH0KfQoKQGtleWZyYW1lcyBmYWRlTGluZSB7CiAgICB0byB7CiAgICAgICAgb3BhY2l0eTogMTsKICAgICAgICB0cmFuc2Zvcm06IHRyYW5zbGF0ZVkoMCk7CiAgICB9Cn0KCkBrZXlmcmFtZXMgZmFkZUJ1dHRvbiB7CiAgICB0byB7IG9wYWNpdHk6IDAuODsgfQp9Cgo8L3N0eWxlPgoKPGRpdiBjbGFzcz0ibm9saGFuLWNvbnRhaW5lciI+Cgo8aW1nIHNyYz0iaHR0cHM6Ly9hbGVzdWJ0bGV3aGlzcGVycy5jb20vd3AtY29udGVudC91cGxvYWRzLzIwMjYvMDQvRGVzaWduLXNhbnMtdGl0cmUtMS5qcGciIGNsYXNzPSJub2xoYW4taW1hZ2UiPgoKPGRpdiBjbGFzcz0ibm9saGFuLW5hbWUiPgpOT0xIQU4gQVJUCjwvZGl2PgoKPGRpdiBjbGFzcz0ibm9saGFuLXRleHQiPgoKPHA+T3JpZ2luZSBmcmFuw6dhaXNlLjwvcD4KPHA+SW5zdGFsbMOpIMOgIE1vbnRyZXV4LCBhdXByw6hzIGRlcyBzaWVucy48L3A+Cgo8cD5Tb24gdHJhdmFpbCBuZSBjaGVyY2hlIHBhcyDDoCByZXByw6lzZW50ZXIuPC9wPgo8cD5JbCBhZ2l0LjwvcD4KCjxwPkxhIG1hdGnDqHJlIG7igJllc3QgcGFzIHVuIHN1cHBvcnQuPC9wPgo8cD5FbGxlIGRldmllbnQgdW4gcG9pbnQgZGUgdGVuc2lvbi48L3A+CjxwPlVuIGxpZXUgZGUgcGFzc2FnZS48L3A+Cgo8cD5DaGFxdWUgcGnDqGNlIHRpZW50IGRhbnMgY2V0IMOpcXVpbGlicmUgOjwvcD4KPHA+ZW50cmUgY2UgcXVpIGFwcGFyYcOudDwvcD4KPHA+ZXQgY2UgcXVpIG5lIHNlIGxhaXNzZSBwYXMgc2Fpc2lyLjwvcD4KCjxwPklsIG7igJlpbXBvc2Ugcmllbi48L3A+CjxwPk1haXMgcXVlbHF1ZSBjaG9zZSBpbnNpc3RlLjwvcD4KCjxwPkRhbnMgbGEgdGV4dHVyZS48L3A+CjxwPkRhbnMgbGEgcmV0ZW51ZS48L3A+CjxwPkRhbnMgY2UgcXVpIHJlc3RlLjwvcD4KCjwvZGl2PgoKPGEgaHJlZj0iL3BhZ2Utb2V1dnJlcy1ub2xoYW4iIGNsYXNzPSJub2xoYW4tYnV0dG9uIj4KxZJVVlJFUwo8L2E+Cgo8L2Rpdj53B3B1Ymxpc2gHAHcTMjAyNi0wNC0xMVQxMzozMDozN3cKbm9saGFuLWFydHtCedfFDS6gAH2v7rfkAwKp8sKFCgYBAQEBAQEBAwEAAQCv95vyAQIAAAIB\",\"updateId\":306834288}","advanced_seo_description":"","jetpack_seo_html_title":"","jetpack_seo_noindex":false,"footnotes":""},"class_list":["post-3008","page","type-page","status-publish","hentry"],"jetpack_likes_enabled":true,"jetpack_sharing_enabled":true,"jetpack_shortlink":"https:\/\/wp.me\/PgfKNt-Mw","jetpack-related-posts":[{"id":2520,"url":"https:\/\/alesubtlewhispers.com\/en\/cellule-0\/","url_meta":{"origin":3008,"position":0},"title":"CELLULE 0","author":"Alexandra Cam\u00e9lie","date":"25 March 2026","format":false,"excerpt":"CELLULE 0 ALEXANDRA CAM\u00c9LIE Quelque chose a d\u00e9j\u00e0 commenc\u00e9. Pas ici. Plus bas. POINT 0 ACC\u00c9DER \u00c0 L\u2019EXTRAIT \u00c9DITION LIMIT\u00c9E 100 EXEMPLAIRES NUM\u00c9ROT\u00c9S","rel":"","context":"Similar post","block_context":{"text":"Similar post","link":""},"img":{"alt_text":"","src":"","width":0,"height":0},"classes":[]},{"id":2988,"url":"https:\/\/alesubtlewhispers.com\/en\/presences\/","url_meta":{"origin":3008,"position":1},"title":"PR\u00c9SENCE(S)","author":"Alexandra Cam\u00e9lie","date":"11 April 2026","format":false,"excerpt":"PR\u00c9SENCE(S) Ce lieu ne s\u2019annonce pas. Il se laisse traverser. Des formes apparaissent, sans se fixer, comme si elles avaient toujours \u00e9t\u00e9 l\u00e0. On les per\u00e7oit avant de les comprendre. Dans le souffle. Dans le regard. Elles tiennent un instant. Juste assez. Rien ne s\u2019impose. Et pourtant, quelque chose a\u2026","rel":"","context":"Similar post","block_context":{"text":"Similar post","link":""},"img":{"alt_text":"","src":"","width":0,"height":0},"classes":[]},{"id":2720,"url":"https:\/\/alesubtlewhispers.com\/en\/architecture\/","url_meta":{"origin":3008,"position":2},"title":"Architecture Une \u0153uvre ne se\u2026","author":"Alexandra Cam\u00e9lie","date":"30 March 2026","format":false,"excerpt":"Architecture Une \u0153uvre ne se construit pas. Elle s\u2019organise. I. SOCLE FONDATEUR CELLULE 0 Cartographie des structures invisibles. Pouvoir sans visage. Stabilisation du r\u00e9el. En cours de diffusion II. FONDATION HUMAINE Les Masques et le Miroir Trilogie : fracture - travers\u00e9e - noyau intact. En phase \u00e9ditoriale III. AXE DU\u2026","rel":"","context":"Similar post","block_context":{"text":"Similar post","link":""},"img":{"alt_text":"","src":"","width":0,"height":0},"classes":[]},{"id":3032,"url":"https:\/\/alesubtlewhispers.com\/en\/soeursflorence-miton\/","url_meta":{"origin":3008,"position":3},"title":"S\u0153urs &#8211; Florence MITON","author":"Alexandra Cam\u00e9lie","date":"13 April 2026","format":false,"excerpt":"S\u0153urs - Florence Miton Certains livres racontent une histoire. D\u2019autres tiennent quelque chose que l\u2019on reconna\u00eet sans pouvoir le nommer. S\u0153urs appartient \u00e0 ces textes rares que l\u2019on ne lit pas vraiment. On les rencontre. Rien ici n\u2019est d\u00e9monstratif. Le texte avance sans chercher \u00e0 convaincre, et pourtant, il installe\u2026","rel":"","context":"Similar post","block_context":{"text":"Similar post","link":""},"img":{"alt_text":"","src":"","width":0,"height":0},"classes":[]},{"id":2871,"url":"https:\/\/alesubtlewhispers.com\/en\/adaptation\/desir-elle-lui-adaptation\/","url_meta":{"origin":3008,"position":4},"title":"LE D\u00c9SIR","author":"Alexandra Cam\u00e9lie","date":"5 April 2026","format":false,"excerpt":"Ce qui suit ne s\u2019explique pas. Il ne s\u2019agit pas de comprendre. Mais de tenir. Deux corps. Rien de plus. Ce qui se joue ne se montre pas. Mais engage. Il n\u2019y a pas d\u2019entr\u00e9e. Pas de progression. Seulement une pr\u00e9sence. Et ce qui en d\u00e9coule. Certains liront. D\u2019autres reconna\u00eetront.\u2026","rel":"","context":"Similar post","block_context":{"text":"Similar post","link":""},"img":{"alt_text":"","src":"","width":0,"height":0},"classes":[]},{"id":2596,"url":"https:\/\/alesubtlewhispers.com\/en\/adaptation\/","url_meta":{"origin":3008,"position":5},"title":"Adaptation","author":"Alexandra Cam\u00e9lie","date":"27 March 2026","format":false,"excerpt":"ADAPTATION Certaines formes ne cherchent pas \u00e0 \u00eatre vues. Elles modifient ce qui regarde. CELLULE 0 \u2013 ILS N\u2019ONT PAS EU BESOIN D\u2019ARMES LE D\u00c9SIR \u2013 ELLE & LUI Certaines lectures appellent une mise en sc\u00e8ne. La suite appartient \u00e0 ceux qui reconnaissent. Aucune forme n\u2019est impos\u00e9e. Certaines s\u2019imposent. Long\u2026","rel":"","context":"Similar post","block_context":{"text":"Similar post","link":""},"img":{"alt_text":"","src":"","width":0,"height":0},"classes":[]}],"_links":{"self":[{"href":"https:\/\/alesubtlewhispers.com\/en\/wp-json\/wp\/v2\/pages\/3008","targetHints":{"allow":["GET"]}}],"collection":[{"href":"https:\/\/alesubtlewhispers.com\/en\/wp-json\/wp\/v2\/pages"}],"about":[{"href":"https:\/\/alesubtlewhispers.com\/en\/wp-json\/wp\/v2\/types\/page"}],"author":[{"embeddable":true,"href":"https:\/\/alesubtlewhispers.com\/en\/wp-json\/wp\/v2\/users\/259979379"}],"replies":[{"embeddable":true,"href":"https:\/\/alesubtlewhispers.com\/en\/wp-json\/wp\/v2\/comments?post=3008"}],"version-history":[{"count":2,"href":"https:\/\/alesubtlewhispers.com\/en\/wp-json\/wp\/v2\/pages\/3008\/revisions"}],"predecessor-version":[{"id":3012,"href":"https:\/\/alesubtlewhispers.com\/en\/wp-json\/wp\/v2\/pages\/3008\/revisions\/3012"}],"wp:attachment":[{"href":"https:\/\/alesubtlewhispers.com\/en\/wp-json\/wp\/v2\/media?parent=3008"}],"curies":[{"name":"wp","href":"https:\/\/api.w.org\/{rel}","templated":true}]}}